{"id":11,"date":"2025-09-06T16:42:13","date_gmt":"2025-09-06T16:42:13","guid":{"rendered":"https:\/\/lahygroup.com\/cart\/"},"modified":"2025-10-14T06:02:18","modified_gmt":"2025-10-14T06:02:18","slug":"cart","status":"publish","type":"page","link":"https:\/\/lahygroup.com\/ckb\/cart\/","title":{"rendered":"Cart"},"content":{"rendered":"<div data-block-name=\"woocommerce\/cart\" class=\"wp-block-woocommerce-cart alignwide is-loading\">\n<div data-block-name=\"woocommerce\/filled-cart-block\" class=\"wp-block-woocommerce-filled-cart-block\">\n<div data-block-name=\"woocommerce\/cart-items-block\" class=\"wp-block-woocommerce-cart-items-block\">\n<div data-block-name=\"woocommerce\/cart-line-items-block\" class=\"wp-block-woocommerce-cart-line-items-block\"><\/div>\n\n\n\n<div data-block-name=\"woocommerce\/cart-cross-sells-block\" class=\"wp-block-woocommerce-cart-cross-sells-block\">\n<h2 class=\"wp-block-heading has-large-font-size\">You may be interested in\u2026<\/h2>\n\n\n\n<div data-block-name=\"woocommerce\/cart-cross-sells-products-block\" class=\"wp-block-woocommerce-cart-cross-sells-products-block\"><\/div>\n<\/div>\n<\/div>\n\n\n\n<div data-block-name=\"woocommerce\/cart-totals-block\" class=\"wp-block-woocommerce-cart-totals-block\">\n<div data-block-name=\"woocommerce\/cart-order-summary-block\" class=\"wp-block-woocommerce-cart-order-summary-block\">\n<div data-block-name=\"woocommerce\/cart-order-summary-heading-block\" class=\"wp-block-woocommerce-cart-order-summary-heading-block\"><\/div><div data-block-name=\"woocommerce\/cart-order-summary-coupon-form-block\" class=\"wp-block-woocommerce-cart-order-summary-coupon-form-block\"><\/div><div data-block-name=\"woocommerce\/cart-order-summary-totals-block\" class=\"wp-block-woocommerce-cart-order-summary-totals-block\">\n<div data-block-name=\"woocommerce\/cart-order-summary-subtotal-block\" class=\"wp-block-woocommerce-cart-order-summary-subtotal-block\"><\/div>\n<div data-block-name=\"woocommerce\/cart-order-summary-discount-block\" class=\"wp-block-woocommerce-cart-order-summary-discount-block\"><\/div>\n<div data-block-name=\"woocommerce\/cart-order-summary-fee-block\" class=\"wp-block-woocommerce-cart-order-summary-fee-block\"><\/div>\n<div data-block-name=\"woocommerce\/cart-order-summary-shipping-block\" class=\"wp-block-woocommerce-cart-order-summary-shipping-block\"><\/div>\n<div data-block-name=\"woocommerce\/cart-order-summary-taxes-block\" class=\"wp-block-woocommerce-cart-order-summary-taxes-block\"><\/div><\/div>\n<\/div>\n\n\n\n<div data-block-name=\"woocommerce\/cart-express-payment-block\" class=\"wp-block-woocommerce-cart-express-payment-block\"><\/div>\n\n\n\n<div data-block-name=\"woocommerce\/proceed-to-checkout-block\" class=\"wp-block-woocommerce-proceed-to-checkout-block\"><\/div>\n\n\n\n<div data-block-name=\"woocommerce\/cart-accepted-payment-methods-block\" class=\"wp-block-woocommerce-cart-accepted-payment-methods-block\"><\/div>\n<\/div>\n<\/div>\n\n\n\n<div data-block-name=\"woocommerce\/empty-cart-block\" class=\"wp-block-woocommerce-empty-cart-block\">\n<h2 class=\"wp-block-heading has-text-align-center with-empty-cart-icon wc-block-cart__empty-cart__title\">Your cart is currently empty!<\/h2>\n\n\n\n<hr class=\"wp-block-separator has-alpha-channel-opacity is-style-dots\"\/>\n\n\n\n<h2 class=\"wp-block-heading has-text-align-center\">New in store<\/h2>\n\n\n<div data-block-name=\"woocommerce\/product-new\" data-columns=\"4\" data-rows=\"1\" class=\"wc-block-grid wp-block-product-new wp-block-woocommerce-product-new wc-block-product-new has-4-columns\"><ul class=\"wc-block-grid__products\"><li class=\"wc-block-grid__product\">\n\t\t\t\t<a href=\"https:\/\/lahygroup.com\/ckb\/product\/%d8%a8%d8%a7%d8%b4%d8%aa%d8%b1%db%8c%d9%86-%d8%b3%db%8c%d8%b3%d8%aa%db%95%d9%85%db%8c-%da%98%d9%85%db%8e%d8%b1%db%8c%d8%a7%d8%b1%db%8c\/\" class=\"wc-block-grid__product-link\">\n\t\t\t\t\t\n\t\t\t\t\t<div class=\"wc-block-grid__product-image\"><img fetchpriority=\"high\" decoding=\"async\" width=\"280\" height=\"280\" src=\"https:\/\/lahygroup.com\/wp-content\/uploads\/2025\/10\/58159588-2.png\" class=\"attachment-woocommerce_thumbnail size-woocommerce_thumbnail\" alt=\"\u0628\u0627\u0634\u062a\u0631\u06cc\u0646 \u0633\u06cc\u0633\u062a\u06d5\u0645\u06cc \u0698\u0645\u06ce\u0631\u06cc\u0627\u0631\u06cc\" srcset=\"https:\/\/lahygroup.com\/wp-content\/uploads\/2025\/10\/58159588-2.png 280w, https:\/\/lahygroup.com\/wp-content\/uploads\/2025\/10\/58159588-2-150x150.png 150w, https:\/\/lahygroup.com\/wp-content\/uploads\/2025\/10\/58159588-2-12x12.png 12w, https:\/\/lahygroup.com\/wp-content\/uploads\/2025\/10\/58159588-2-268x268.png 268w, https:\/\/lahygroup.com\/wp-content\/uploads\/2025\/10\/58159588-2-90x90.png 90w\" sizes=\"(max-width: 280px) 100vw, 280px\" \/><\/div>\n\t\t\t\t\t<div class=\"wc-block-grid__product-title\">\u0628\u0627\u0634\u062a\u0631\u06cc\u0646 \u0633\u06cc\u0633\u062a\u06d5\u0645\u06cc \u0698\u0645\u06ce\u0631\u06cc\u0627\u0631\u06cc<\/div>\n\t\t\t\t<\/a>\n\t\t\t\t<div class=\"wc-block-grid__product-price price\"><\/div>\n\t\t\t\t\n\t\t\t\t<div class=\"wp-block-button wc-block-grid__product-add-to-cart\"><a href=\"https:\/\/lahygroup.com\/ckb\/product\/%d8%a8%d8%a7%d8%b4%d8%aa%d8%b1%db%8c%d9%86-%d8%b3%db%8c%d8%b3%d8%aa%db%95%d9%85%db%8c-%da%98%d9%85%db%8e%d8%b1%db%8c%d8%a7%d8%b1%db%8c\/\" aria-label=\"\u0632\u064a\u0627\u062a\u0631 \u0628\u062e\u0648\u06ce\u0646\u06d5\u0648\u06d5 \u062f\u06d5\u0631\u0628\u0627\u0631\u06d5\u0649 \u201c\u0628\u0627\u0634\u062a\u0631\u06cc\u0646 \u0633\u06cc\u0633\u062a\u06d5\u0645\u06cc \u0698\u0645\u06ce\u0631\u06cc\u0627\u0631\u06cc\u201d\" data-quantity=\"1\" data-product_id=\"3542\" data-product_sku=\"\" data-price=\"0\" rel=\"nofollow\" class=\"wp-block-button__link  add_to_cart_button\" data-no-translation=\"\" data-trp-gettext=\"\" data-no-translation-aria-label=\"\">\u0632\u06cc\u0627\u062a\u0631 \u0628\u062e\u0648\u06ce\u0646\u06d5\u0631\u06d5\u0648\u06d5<\/a><\/div>\n\t\t\t<\/li><li class=\"wc-block-grid__product\">\n\t\t\t\t<a href=\"https:\/\/lahygroup.com\/ckb\/product\/summit-walking\/\" class=\"wc-block-grid__product-link\">\n\t\t\t\t\t\n\t\t\t\t\t<div class=\"wc-block-grid__product-image\"><img decoding=\"async\" width=\"700\" height=\"700\" src=\"https:\/\/lahygroup.com\/wp-content\/uploads\/2022\/09\/\u062f\u06d5\u06a9\u062a\u06cc-\u0633\u0645\u0627\u0631\u062a\u0662-1-700x700.png\" class=\"attachment-woocommerce_thumbnail size-woocommerce_thumbnail\" alt=\"\u062f\u06cc\u0632\u0627\u06cc\u0646\u06cc \u0686\u06d5\u0646\u062f \u0641\u0644\u06ce\u06a9\u0633\u06ce\u06a9 \u0628\u06c6 \u0628\u0695\u0627\u0646\u062f\u06cc \u062f\u06d5\u06a9\u062a\u06cc \u0633\u0645\u0627\u0631\u062a\" srcset=\"https:\/\/lahygroup.com\/wp-content\/uploads\/2022\/09\/\u062f\u06d5\u06a9\u062a\u06cc-\u0633\u0645\u0627\u0631\u062a\u0662-1-700x700.png 700w, https:\/\/lahygroup.com\/wp-content\/uploads\/2022\/09\/\u062f\u06d5\u06a9\u062a\u06cc-\u0633\u0645\u0627\u0631\u062a\u0662-1-150x150.png 150w, https:\/\/lahygroup.com\/wp-content\/uploads\/2022\/09\/\u062f\u06d5\u06a9\u062a\u06cc-\u0633\u0645\u0627\u0631\u062a\u0662-1-90x90.png 90w\" sizes=\"(max-width: 700px) 100vw, 700px\" \/><\/div>\n\t\t\t\t\t<div class=\"wc-block-grid__product-title\">D\u00eezayin\u00ee \u00e7end\u00een flakes\u00eak bo be\u015fand\u00ee d\u00eekt\u00ee \u0633\u0645art<\/div>\n\t\t\t\t<\/a>\n\t\t\t\t<div class=\"wc-block-grid__product-price price\"><\/div>\n\t\t\t\t\n\t\t\t\t<div class=\"wp-block-button wc-block-grid__product-add-to-cart\"><a href=\"https:\/\/lahygroup.com\/ckb\/product\/summit-walking\/\" aria-label=\"\u0632\u064a\u0627\u062a\u0631 \u0628\u062e\u0648\u06ce\u0646\u06d5\u0648\u06d5 \u062f\u06d5\u0631\u0628\u0627\u0631\u06d5\u0649 \u201c\u062f\u06cc\u0632\u0627\u06cc\u0646\u06cc \u0686\u06d5\u0646\u062f \u0641\u0644\u06ce\u06a9\u0633\u06ce\u06a9 \u0628\u06c6 \u0628\u0695\u0627\u0646\u062f\u06cc \u062f\u06d5\u06a9\u062a\u06cc \u0633\u0645\u0627\u0631\u062a\u201d\" data-quantity=\"1\" data-product_id=\"487\" data-product_sku=\"\" data-price=\"0\" rel=\"nofollow\" class=\"wp-block-button__link  add_to_cart_button\" data-no-translation=\"\" data-trp-gettext=\"\" data-no-translation-aria-label=\"\">\u0632\u06cc\u0627\u062a\u0631 \u0628\u062e\u0648\u06ce\u0646\u06d5\u0631\u06d5\u0648\u06d5<\/a><\/div>\n\t\t\t<\/li><li class=\"wc-block-grid__product\">\n\t\t\t\t<a href=\"https:\/\/lahygroup.com\/ckb\/product\/react-falcon-3-0\/\" class=\"wc-block-grid__product-link\">\n\t\t\t\t\t\n\t\t\t\t\t<div class=\"wc-block-grid__product-image\"><img decoding=\"async\" width=\"700\" height=\"700\" src=\"https:\/\/lahygroup.com\/wp-content\/uploads\/2022\/09\/received_1537456770563234-700x700.jpeg\" class=\"attachment-woocommerce_thumbnail size-woocommerce_thumbnail\" alt=\"\u062f\u06cc\u0632\u0627\u06cc\u0646\u06cc \u0641\u0644\u06ce\u06a9\u0633 \u0628\u06c6 \u062f\u06d5\u0644\u0627\u0644 \u0626\u06cc\u0646\u06ce\u0631\u062c\u06cc\" srcset=\"https:\/\/lahygroup.com\/wp-content\/uploads\/2022\/09\/received_1537456770563234-700x700.jpeg 700w, https:\/\/lahygroup.com\/wp-content\/uploads\/2022\/09\/received_1537456770563234-150x150.jpeg 150w, https:\/\/lahygroup.com\/wp-content\/uploads\/2022\/09\/received_1537456770563234-90x90.jpeg 90w\" sizes=\"(max-width: 700px) 100vw, 700px\" \/><\/div>\n\t\t\t\t\t<div class=\"wc-block-grid__product-title\">D\u00eezain\u00ee \u0641\u0644\u06ce\u06a9\u0633 \u0628\u06c6 \u062f\u06d5\u0644\u0627\u0644 \u0626\u06cc\u0646\u06ce\u0631\u062c\u06cc<\/div>\n\t\t\t\t<\/a>\n\t\t\t\t<div class=\"wc-block-grid__product-price price\"><\/div>\n\t\t\t\t\n\t\t\t\t<div class=\"wp-block-button wc-block-grid__product-add-to-cart\"><a href=\"https:\/\/lahygroup.com\/ckb\/product\/react-falcon-3-0\/\" aria-label=\"\u0632\u064a\u0627\u062a\u0631 \u0628\u062e\u0648\u06ce\u0646\u06d5\u0648\u06d5 \u062f\u06d5\u0631\u0628\u0627\u0631\u06d5\u0649 \u201c\u062f\u06cc\u0632\u0627\u06cc\u0646\u06cc \u0641\u0644\u06ce\u06a9\u0633 \u0628\u06c6 \u062f\u06d5\u0644\u0627\u0644 \u0626\u06cc\u0646\u06ce\u0631\u062c\u06cc\u201d\" data-quantity=\"1\" data-product_id=\"485\" data-product_sku=\"\" data-price=\"0\" rel=\"nofollow\" class=\"wp-block-button__link  add_to_cart_button\" data-no-translation=\"\" data-trp-gettext=\"\" data-no-translation-aria-label=\"\">\u0632\u06cc\u0627\u062a\u0631 \u0628\u062e\u0648\u06ce\u0646\u06d5\u0631\u06d5\u0648\u06d5<\/a><\/div>\n\t\t\t<\/li><li class=\"wc-block-grid__product\">\n\t\t\t\t<a href=\"https:\/\/lahygroup.com\/ckb\/product\/flex-armour\/\" class=\"wc-block-grid__product-link\">\n\t\t\t\t\t\n\t\t\t\t\t<div class=\"wc-block-grid__product-image\"><img loading=\"lazy\" decoding=\"async\" width=\"700\" height=\"700\" src=\"https:\/\/lahygroup.com\/wp-content\/uploads\/2022\/09\/\u062f\u062f-1-700x700.png\" class=\"attachment-woocommerce_thumbnail size-woocommerce_thumbnail\" alt=\"\u062f\u06cc\u0632\u0627\u06cc\u0646\u06cc \u0644\u06c6\u06af\u06c6 \u0628\u06c6 \u0626\u06d5\u0631\u0633\u06d5\u0644\u0627\u0646 \u06af\u0631\u0648\u067e\" srcset=\"https:\/\/lahygroup.com\/wp-content\/uploads\/2022\/09\/\u062f\u062f-1-700x700.png 700w, https:\/\/lahygroup.com\/wp-content\/uploads\/2022\/09\/\u062f\u062f-1-150x150.png 150w, https:\/\/lahygroup.com\/wp-content\/uploads\/2022\/09\/\u062f\u062f-1-90x90.png 90w\" sizes=\"(max-width: 700px) 100vw, 700px\" \/><\/div>\n\t\t\t\t\t<div class=\"wc-block-grid__product-title\">Gr\u00fbp D\u00eeza\u00een\u00ee \u0644\u06c6\u06af\u06c6 \u0628\u06c6 \u0626\u06d5\u0631\u0633\u06d5\u0644\u0627\u0646<\/div>\n\t\t\t\t<\/a>\n\t\t\t\t<div class=\"wc-block-grid__product-price price\"><\/div>\n\t\t\t\t\n\t\t\t\t<div class=\"wp-block-button wc-block-grid__product-add-to-cart\"><a href=\"https:\/\/lahygroup.com\/ckb\/product\/flex-armour\/\" aria-label=\"\u0632\u064a\u0627\u062a\u0631 \u0628\u062e\u0648\u06ce\u0646\u06d5\u0648\u06d5 \u062f\u06d5\u0631\u0628\u0627\u0631\u06d5\u0649 \u201c\u062f\u06cc\u0632\u0627\u06cc\u0646\u06cc \u0644\u06c6\u06af\u06c6 \u0628\u06c6 \u0626\u06d5\u0631\u0633\u06d5\u0644\u0627\u0646 \u06af\u0631\u0648\u067e\u201d\" data-quantity=\"1\" data-product_id=\"483\" data-product_sku=\"\" data-price=\"0\" rel=\"nofollow\" class=\"wp-block-button__link  add_to_cart_button\" data-no-translation=\"\" data-trp-gettext=\"\" data-no-translation-aria-label=\"\">\u0632\u06cc\u0627\u062a\u0631 \u0628\u062e\u0648\u06ce\u0646\u06d5\u0631\u06d5\u0648\u06d5<\/a><\/div>\n\t\t\t<\/li><\/ul><\/div><\/div>\n<\/div>","protected":false},"excerpt":{"rendered":"","protected":false},"author":1,"featured_media":0,"parent":0,"menu_order":0,"comment_status":"closed","ping_status":"closed","template":"","meta":{"_acf_changed":false,"_monsterinsights_skip_tracking":false,"_monsterinsights_sitenote_active":false,"_monsterinsights_sitenote_note":"","_monsterinsights_sitenote_category":0,"footnotes":""},"class_list":["post-11","page","type-page","status-publish","hentry"],"acf":{"full_width":false,"header_transparent":false,"header_white":false},"aioseo_notices":[],"_links":{"self":[{"href":"https:\/\/lahygroup.com\/ckb\/wp-json\/wp\/v2\/pages\/11","targetHints":{"allow":["GET"]}}],"collection":[{"href":"https:\/\/lahygroup.com\/ckb\/wp-json\/wp\/v2\/pages"}],"about":[{"href":"https:\/\/lahygroup.com\/ckb\/wp-json\/wp\/v2\/types\/page"}],"author":[{"embeddable":true,"href":"https:\/\/lahygroup.com\/ckb\/wp-json\/wp\/v2\/users\/1"}],"replies":[{"embeddable":true,"href":"https:\/\/lahygroup.com\/ckb\/wp-json\/wp\/v2\/comments?post=11"}],"version-history":[{"count":1,"href":"https:\/\/lahygroup.com\/ckb\/wp-json\/wp\/v2\/pages\/11\/revisions"}],"predecessor-version":[{"id":3503,"href":"https:\/\/lahygroup.com\/ckb\/wp-json\/wp\/v2\/pages\/11\/revisions\/3503"}],"wp:attachment":[{"href":"https:\/\/lahygroup.com\/ckb\/wp-json\/wp\/v2\/media?parent=11"}],"curies":[{"name":"wp","href":"https:\/\/api.w.org\/{rel}","templated":true}]}}