{"id":470,"date":"2022-09-24T10:57:32","date_gmt":"2022-09-24T10:57:32","guid":{"rendered":"https:\/\/theme.madsparrow.me\/most\/?post_type=product&#038;p=470"},"modified":"2025-10-16T21:15:01","modified_gmt":"2025-10-16T21:15:01","slug":"run-max-88","status":"publish","type":"product","link":"https:\/\/lahygroup.com\/ckb\/product\/run-max-88\/","title":{"rendered":"HR D\u00eezay\u00een\u00ee le\u06c6\u06af\u06c6 \u0628\u06c6 \u067e\u06cc\u062a\u06cc"},"content":{"rendered":"<p>\u0644\u06c6\u06af\u06c6\u06cc\u06d5\u06a9\u0645\u0627\u0646 \u062f\u0631\u0648\u0633\u062a \u06a9\u0631\u062f \u0628\u06c6 \u062f\u06d5\u0632\u06af\u0627\u06cc\u06d5\u06a9\u06cc \u0695\u0627\u06af\u06d5\u06cc\u0627\u0646\u062f\u0646 \u0648 \u06a9\u06c6\u0645\u06d5\u06b5\u0627\u06cc\u06d5\u062a\u06cc<\/p>\n<p>\u06a9\u06d5 \u062f\u0627\u0648\u0627\u06cc\u0627\u0646 \u06a9\u0631\u062f \u0644\u06d5 \u067e\u06cc\u062a\u06cc HR<\/p>\n<p>\u0644\u06c6\u06af\u06c6\u06cc\u06d5\u06a9\u06cc\u0627\u0646 \u0628\u06c6 \u062f\u0631\u0648\u0633\u062a \u0628\u06a9\u06d5\u06cc\u0646<\/p>","protected":false},"excerpt":{"rendered":"<p>\u0644\u06c6\u06af\u06c6\u06cc\u06d5\u06a9\u06d5 \u0628\u06d5 \u0634\u06ce\u0648\u06d5\u06cc\u06d5\u06a9\u06d5 \u06a9\u06d5\u0648\u0627 \u067e\u06cc\u062a\u06cc \u0626\u06ce\u0686 \u0648 \u0626\u0627\u0695 \u0644\u06d5\u06af\u06d5\u06b5 \u0645\u0627\u06cc\u06a9 \u062a\u06ce\u06a9\u06d5\u06b5\u06a9\u06ce\u0634 \u06a9\u0631\u0627\u0648\u06d5\u060c \u0644\u06d5 \u0647\u06d5\u0645\u0627\u0646 \u06a9\u0627\u062a\u062f\u0627 \u0648\u0627\u062a\u0627\u06cc \u0647\u0627\u0648\u06b5\u0627\u062a\u06cc \u0626\u06d5\u062f\u0627\u062a<\/p>","protected":false},"featured_media":3465,"comment_status":"open","ping_status":"closed","template":"","meta":{"_acf_changed":false,"_monsterinsights_skip_tracking":false,"_monsterinsights_sitenote_active":false,"_monsterinsights_sitenote_note":"","_monsterinsights_sitenote_category":0},"product_brand":[],"product_cat":[80,77,76,73],"product_tag":[82,72,83,74],"class_list":{"0":"post-470","1":"product","2":"type-product","3":"status-publish","4":"has-post-thumbnail","6":"product_cat-adobe-illustrator","7":"product_cat-adobe-photoshop","8":"product_cat-76","9":"product_cat-73","10":"product_tag-adobe-illustrator","11":"product_tag-72","12":"product_tag-83","13":"product_tag-74","15":"first","16":"outofstock","17":"shipping-taxable","18":"product-type-simple"},"acf":[],"aioseo_notices":[],"_links":{"self":[{"href":"https:\/\/lahygroup.com\/ckb\/wp-json\/wp\/v2\/product\/470","targetHints":{"allow":["GET"]}}],"collection":[{"href":"https:\/\/lahygroup.com\/ckb\/wp-json\/wp\/v2\/product"}],"about":[{"href":"https:\/\/lahygroup.com\/ckb\/wp-json\/wp\/v2\/types\/product"}],"replies":[{"embeddable":true,"href":"https:\/\/lahygroup.com\/ckb\/wp-json\/wp\/v2\/comments?post=470"}],"wp:featuredmedia":[{"embeddable":true,"href":"https:\/\/lahygroup.com\/ckb\/wp-json\/wp\/v2\/media\/3465"}],"wp:attachment":[{"href":"https:\/\/lahygroup.com\/ckb\/wp-json\/wp\/v2\/media?parent=470"}],"wp:term":[{"taxonomy":"product_brand","embeddable":true,"href":"https:\/\/lahygroup.com\/ckb\/wp-json\/wp\/v2\/product_brand?post=470"},{"taxonomy":"product_cat","embeddable":true,"href":"https:\/\/lahygroup.com\/ckb\/wp-json\/wp\/v2\/product_cat?post=470"},{"taxonomy":"product_tag","embeddable":true,"href":"https:\/\/lahygroup.com\/ckb\/wp-json\/wp\/v2\/product_tag?post=470"}],"curies":[{"name":"wp","href":"https:\/\/api.w.org\/{rel}","templated":true}]}}