{"id":478,"date":"2022-09-24T12:23:56","date_gmt":"2022-09-24T12:23:56","guid":{"rendered":"https:\/\/theme.madsparrow.me\/most\/?post_type=product&#038;p=478"},"modified":"2025-10-16T21:15:01","modified_gmt":"2025-10-16T21:15:01","slug":"kl-17-bs","status":"publish","type":"product","link":"https:\/\/lahygroup.com\/ckb\/product\/kl-17-bs\/","title":{"rendered":"D\u00eezay\u00een\u00ee l\u00eab\u06b5 bo karg\u06d5\u06cc \u0626\u06cc\u06a9\u0631\u0627\u0645"},"content":{"rendered":"<p>\u062f\u06cc\u0632\u0627\u06cc\u0646\u06cc \u0686\u06d5\u0646\u062f \u0644\u06ce\u0628\u06b5\u06ce\u06a9 \u0628\u06c6 \u06a9\u0627\u0631\u06af\u06d5\u06cc \u0626\u06cc\u06a9\u0631\u0627\u0645 \u0628\u06d5 \u0634\u06ce\u0648\u06d5\u06cc\u00a0 \u062a\u0627\u0642\u06cc\u06a9\u0627\u0631\u06cc<\/p>","protected":false},"excerpt":{"rendered":"<p>\u0628\u06ce\u06af\u0648\u0645\u0627\u0646 \u0644\u06ce\u0628\u06b5 \u0632\u06c6\u0631 \u06af\u0631\u0646\u06af\u06d5 \u0628\u06c6 \u0646\u0627\u0633\u0646\u0627\u0645\u06d5\u06cc \u0628\u0695\u0627\u0646\u062f\u060c \u0644\u06ce\u0628\u06b5\u06ce\u06a9\u06cc \u0628\u0627\u0634 \u0628\u0695\u06cc\u0627\u0631 \u0626\u06d5\u062f\u0627\u062a \u0644\u06d5 \u0628\u06d5\u06a9\u0627\u0631\u0647\u06ce\u0646\u06d5\u0631 \u0628\u06c6 \u06cc\u06d5\u06a9\u06d5\u0645 \u062c\u0627\u0631 \u0626\u06d5\u0645 \u0628\u06d5\u0631\u0647\u06d5\u0645\u06d5 \u0628\u06a9\u0695\u06ce\u062a \u0648 \u062a\u0627\u0642\u06cc \u0628\u06a9\u0627\u062a\u06d5\u0648\u06d5 \u06cc\u0627\u0646 \u0646\u0627\u061f<\/p>\n<p>\u0626\u06ce\u0645\u06d5\u0634 \u0647\u06d5\u06b5\u0633\u0627\u06cc\u0646 \u0628\u06d5 \u062f\u06cc\u0632\u0627\u06cc\u0646\u06a9\u0631\u062f\u0646\u06cc \u0626\u06d5\u0645 \u0686\u06d5\u0646\u062f \u0644\u06ce\u0628\u06b5\u06d5 \u0628\u06c6\u06cc\u0627\u0646<\/p>","protected":false},"featured_media":3355,"comment_status":"open","ping_status":"closed","template":"","meta":{"_acf_changed":false,"_monsterinsights_skip_tracking":false,"_monsterinsights_sitenote_active":false,"_monsterinsights_sitenote_note":"","_monsterinsights_sitenote_category":0},"product_brand":[],"product_cat":[80,70,79],"product_tag":[82,72,81],"class_list":{"0":"post-478","1":"product","2":"type-product","3":"status-publish","4":"has-post-thumbnail","6":"product_cat-adobe-illustrator","7":"product_cat-70","8":"product_cat-79","9":"product_tag-adobe-illustrator","10":"product_tag-72","11":"product_tag-81","13":"first","14":"outofstock","15":"shipping-taxable","16":"product-type-simple"},"acf":[],"aioseo_notices":[],"_links":{"self":[{"href":"https:\/\/lahygroup.com\/ckb\/wp-json\/wp\/v2\/product\/478","targetHints":{"allow":["GET"]}}],"collection":[{"href":"https:\/\/lahygroup.com\/ckb\/wp-json\/wp\/v2\/product"}],"about":[{"href":"https:\/\/lahygroup.com\/ckb\/wp-json\/wp\/v2\/types\/product"}],"replies":[{"embeddable":true,"href":"https:\/\/lahygroup.com\/ckb\/wp-json\/wp\/v2\/comments?post=478"}],"wp:featuredmedia":[{"embeddable":true,"href":"https:\/\/lahygroup.com\/ckb\/wp-json\/wp\/v2\/media\/3355"}],"wp:attachment":[{"href":"https:\/\/lahygroup.com\/ckb\/wp-json\/wp\/v2\/media?parent=478"}],"wp:term":[{"taxonomy":"product_brand","embeddable":true,"href":"https:\/\/lahygroup.com\/ckb\/wp-json\/wp\/v2\/product_brand?post=478"},{"taxonomy":"product_cat","embeddable":true,"href":"https:\/\/lahygroup.com\/ckb\/wp-json\/wp\/v2\/product_cat?post=478"},{"taxonomy":"product_tag","embeddable":true,"href":"https:\/\/lahygroup.com\/ckb\/wp-json\/wp\/v2\/product_tag?post=478"}],"curies":[{"name":"wp","href":"https:\/\/api.w.org\/{rel}","templated":true}]}}