{"id":481,"date":"2022-09-24T12:25:36","date_gmt":"2022-09-24T12:25:36","guid":{"rendered":"https:\/\/theme.madsparrow.me\/most\/?post_type=product&#038;p=481"},"modified":"2025-10-13T18:02:13","modified_gmt":"2025-10-13T18:02:13","slug":"men-vision-trainers","status":"publish","type":"product","link":"https:\/\/lahygroup.com\/ckb\/product\/men-vision-trainers\/","title":{"rendered":"\u015e\u00eer\u00een\u00ee \u00celyas"},"content":{"rendered":"<p>\u0634\u06cc\u0631\u06cc\u0646\u06cc \u0626\u06cc\u0644\u06cc\u0627\u0633\u060c \u06cc\u06d5\u06a9\u06ce\u06a9 \u0644\u06d5\u0648 \u0628\u0695\u0627\u0646\u062f\u0627\u0646\u06d5\u06cc \u067e\u06d5\u06cc\u0695\u06d5\u0648\u06cc \u0633\u0627\u062f\u06d5\u06cc\u06cc \u0626\u06d5\u06a9\u0627\u062a<\/p>","protected":false},"excerpt":{"rendered":"<p>\u0647\u06d5\u06b5\u0633\u0627\u06cc\u0646 \u0628\u06d5 \u062f\u06cc\u0632\u0627\u06cc\u0646 \u06a9\u0631\u062f\u0646\u06cc \u0686\u06d5\u0646\u062f \u062f\u06cc\u0632\u0627\u06cc\u0646\u06ce\u06a9\u06cc \u0633\u06c6\u0634\u06cc\u0627\u06b5 \u0645\u06cc\u062f\u06cc\u0627 \u0628\u06d5 \u0633\u062a\u0627\u06cc\u0644\u06ce\u06a9\u06cc \u0633\u0627\u062f\u06d5\u060c \u062a\u0627\u0648\u06d5\u06a9\u0648 \u062c\u06d5\u062e\u062a\u06cc \u062a\u06d5\u0648\u0627\u0648\u0645\u0627\u0646 \u0644\u06d5 \u06af\u06d5\u06cc\u0627\u0646\u062f\u0646\u06cc \u067e\u06d5\u06cc\u0627\u0645\u06d5\u06a9\u06d5 \u0647\u06d5\u0628\u06ce\u062a<\/p>","protected":false},"featured_media":3480,"comment_status":"open","ping_status":"closed","template":"","meta":{"_acf_changed":false,"_monsterinsights_skip_tracking":false,"_monsterinsights_sitenote_active":false,"_monsterinsights_sitenote_note":"","_monsterinsights_sitenote_category":0},"product_brand":[],"product_cat":[77,76,75],"product_tag":[78],"class_list":{"0":"post-481","1":"product","2":"type-product","3":"status-publish","4":"has-post-thumbnail","6":"product_cat-adobe-photoshop","7":"product_cat-76","8":"product_cat-75","9":"product_tag-adobe-photoshop","11":"first","12":"outofstock","13":"shipping-taxable","14":"product-type-simple"},"acf":[],"aioseo_notices":[],"_links":{"self":[{"href":"https:\/\/lahygroup.com\/ckb\/wp-json\/wp\/v2\/product\/481","targetHints":{"allow":["GET"]}}],"collection":[{"href":"https:\/\/lahygroup.com\/ckb\/wp-json\/wp\/v2\/product"}],"about":[{"href":"https:\/\/lahygroup.com\/ckb\/wp-json\/wp\/v2\/types\/product"}],"replies":[{"embeddable":true,"href":"https:\/\/lahygroup.com\/ckb\/wp-json\/wp\/v2\/comments?post=481"}],"wp:featuredmedia":[{"embeddable":true,"href":"https:\/\/lahygroup.com\/ckb\/wp-json\/wp\/v2\/media\/3480"}],"wp:attachment":[{"href":"https:\/\/lahygroup.com\/ckb\/wp-json\/wp\/v2\/media?parent=481"}],"wp:term":[{"taxonomy":"product_brand","embeddable":true,"href":"https:\/\/lahygroup.com\/ckb\/wp-json\/wp\/v2\/product_brand?post=481"},{"taxonomy":"product_cat","embeddable":true,"href":"https:\/\/lahygroup.com\/ckb\/wp-json\/wp\/v2\/product_cat?post=481"},{"taxonomy":"product_tag","embeddable":true,"href":"https:\/\/lahygroup.com\/ckb\/wp-json\/wp\/v2\/product_tag?post=481"}],"curies":[{"name":"wp","href":"https:\/\/api.w.org\/{rel}","templated":true}]}}