{"id":483,"date":"2022-09-24T12:26:30","date_gmt":"2022-09-24T12:26:30","guid":{"rendered":"https:\/\/theme.madsparrow.me\/most\/?post_type=product&#038;p=483"},"modified":"2025-10-13T17:29:48","modified_gmt":"2025-10-13T17:29:48","slug":"flex-armour","status":"publish","type":"product","link":"https:\/\/lahygroup.com\/ckb\/product\/flex-armour\/","title":{"rendered":"Gr\u00fbp D\u00eeza\u00een\u00ee \u0644\u06c6\u06af\u06c6 \u0628\u06c6 \u0626\u06d5\u0631\u0633\u06d5\u0644\u0627\u0646"},"content":{"rendered":"<p>\u06cc\u06d5\u06a9\u06ce\u06a9 \u0644\u06d5 \u06a9\u0627\u0631\u06d5\u06a9\u0627\u0646\u06cc \u062f\u06cc\u06a9\u06d5\u0645\u0627\u0646\u060c \u062f\u06cc\u0632\u0627\u06cc\u0646 \u06a9\u0631\u062f\u0646\u06cc \u0644\u06c6\u06af\u06c6 \u0648 \u0646\u0627\u0633\u0646\u0627\u0645\u06d5\u06cc \u0628\u0695\u0627\u0646\u062f \u0628\u0648\u0648 \u0628\u06c6 \u0626\u06d5\u0631\u0633\u06d5\u0644\u0627\u0646 \u06af\u0631\u0648\u067e<\/p>","protected":false},"excerpt":{"rendered":"<p>\u0626\u06d5\u0631\u0633\u06d5\u0644\u0627\u0646 \u06af\u0631\u0648\u067e \u06a9\u06d5 \u06a9\u0627\u0631\u06cc \u0628\u06cc\u0646\u0627\u0633\u0627\u0632\u06cc \u062f\u06d5\u06a9\u0627\u062a\u060c \u067e\u06d5\u06cc\u0648\u06d5\u0646\u062f\u06cc\u0627\u0646 \u067e\u06ce\u0648\u06d5 \u06a9\u0631\u062f\u06cc\u0646 \u062a\u0627\u0648\u06d5\u06a9\u0648 \u0626\u06d5\u0648 \u0628\u06cc\u0631\u06c6\u06a9\u06d5\u06cc\u06d5\u06cc \u0644\u06d5 \u062e\u06d5\u06cc\u0627\u06b5\u06cc\u0627\u0646\u06d5 \u0628\u06c6\u06cc\u0627\u0646 \u0628\u06a9\u06d5\u06cc\u0646 \u0628\u06d5 \u0644\u06c6\u06af\u06c6\u06cc\u06d5\u06a9\u06cc \u067e\u062a\u06d5\u0648<\/p>\n<p>\u0626\u06ce\u0645\u06d5\u0634 \u0647\u06d5\u06b5\u0633\u0627\u06cc\u0646 \u0628\u06d5 \u06a9\u0627\u0631\u06a9\u0631\u062f\u0646 \u0644\u06d5\u0633\u06d5\u0631\u06cc\u060c \u0648\u06d5 \u062e\u06c6\u0634\u0628\u06d5\u062e\u062a\u0627\u0646\u06d5 \u0644\u06c6\u06af\u06c6\u06cc\u06d5\u06a9\u06cc \u0632\u06c6\u0631 \u0646\u0627\u06cc\u0627\u0628\u0645\u0627\u0646 \u0628\u06c6\u06cc\u0627\u0646 \u062f\u0631\u0648\u0633\u062a \u06a9\u0631\u062f<\/p>","protected":false},"featured_media":3497,"comment_status":"open","ping_status":"closed","template":"","meta":{"_acf_changed":false,"_monsterinsights_skip_tracking":false,"_monsterinsights_sitenote_active":false,"_monsterinsights_sitenote_note":"","_monsterinsights_sitenote_category":0},"product_brand":[],"product_cat":[70,73],"product_tag":[72,74],"class_list":{"0":"post-483","1":"product","2":"type-product","3":"status-publish","4":"has-post-thumbnail","6":"product_cat-70","7":"product_cat-73","8":"product_tag-72","9":"product_tag-74","11":"first","12":"outofstock","13":"shipping-taxable","14":"product-type-simple"},"acf":[],"aioseo_notices":[],"_links":{"self":[{"href":"https:\/\/lahygroup.com\/ckb\/wp-json\/wp\/v2\/product\/483","targetHints":{"allow":["GET"]}}],"collection":[{"href":"https:\/\/lahygroup.com\/ckb\/wp-json\/wp\/v2\/product"}],"about":[{"href":"https:\/\/lahygroup.com\/ckb\/wp-json\/wp\/v2\/types\/product"}],"replies":[{"embeddable":true,"href":"https:\/\/lahygroup.com\/ckb\/wp-json\/wp\/v2\/comments?post=483"}],"wp:featuredmedia":[{"embeddable":true,"href":"https:\/\/lahygroup.com\/ckb\/wp-json\/wp\/v2\/media\/3497"}],"wp:attachment":[{"href":"https:\/\/lahygroup.com\/ckb\/wp-json\/wp\/v2\/media?parent=483"}],"wp:term":[{"taxonomy":"product_brand","embeddable":true,"href":"https:\/\/lahygroup.com\/ckb\/wp-json\/wp\/v2\/product_brand?post=483"},{"taxonomy":"product_cat","embeddable":true,"href":"https:\/\/lahygroup.com\/ckb\/wp-json\/wp\/v2\/product_cat?post=483"},{"taxonomy":"product_tag","embeddable":true,"href":"https:\/\/lahygroup.com\/ckb\/wp-json\/wp\/v2\/product_tag?post=483"}],"curies":[{"name":"wp","href":"https:\/\/api.w.org\/{rel}","templated":true}]}}